{"id":1167,"date":"2023-09-11T10:16:31","date_gmt":"2023-09-11T10:16:31","guid":{"rendered":"https:\/\/fabryka-staroci.pl\/?post_type=product&#038;p=1167"},"modified":"2023-09-28T07:29:30","modified_gmt":"2023-09-28T07:29:30","slug":"skrzynka-heineken-2","status":"publish","type":"product","link":"https:\/\/fabryka-staroci.pl\/en\/product\/skrzynka-heineken-2\/","title":{"rendered":"Skrzynka HEINEKEN"},"content":{"rendered":"<p>Drewniana skrzynka Heineken z okresu 1950 &#8211; 1959 . Nosz\u0105ca \u015blady u\u017cytkowania, oryginalna dla prawdziwych kolekcjoner\u00f3w. Wymiary: wysoko\u015b\u0107 24cm, szeroko\u015b\u0107 45cm i g\u0142\u0119boko\u015b\u0107 26cm. Producent &#8211; Heineken, kraj pochodzenia &#8211; Holandia. Mo\u017ce by\u0107 wykorzystana do wystroju wn\u0119trz &#8211; pubu, restauracji czy\u00a0 nawet mieszkania.<\/p>","protected":false},"excerpt":{"rendered":"<p>Drewniana skrzynka Heineken z okresu 1950 &#8211; 1959 . Nosz\u0105ca \u015blady u\u017cytkowania, oryginalna dla prawdziwych kolekcjoner\u00f3w. Wymiary: wysoko\u015b\u0107 24cm, szeroko\u015b\u0107 45cm i g\u0142\u0119boko\u015b\u0107 26cm. Producent &#8211; Heineken, kraj pochodzenia &#8211; Holandia. Mo\u017ce by\u0107 wykorzystana do wystroju wn\u0119trz &#8211; pubu, restauracji czy\u00a0 nawet mieszkania.<\/p>","protected":false},"featured_media":740,"template":"","meta":[],"product_brand":[],"product_cat":[35,34],"product_tag":[],"class_list":{"0":"post-1167","1":"product","2":"type-product","3":"status-publish","4":"has-post-thumbnail","6":"product_cat-drewno","7":"product_cat-stara-reklama","8":"product_shipping_class-srednie-przedmioty","10":"first","11":"instock","12":"shipping-taxable","13":"purchasable","14":"product-type-simple"},"_links":{"self":[{"href":"https:\/\/fabryka-staroci.pl\/en\/wp-json\/wp\/v2\/product\/1167","targetHints":{"allow":["GET"]}}],"collection":[{"href":"https:\/\/fabryka-staroci.pl\/en\/wp-json\/wp\/v2\/product"}],"about":[{"href":"https:\/\/fabryka-staroci.pl\/en\/wp-json\/wp\/v2\/types\/product"}],"wp:featuredmedia":[{"embeddable":true,"href":"https:\/\/fabryka-staroci.pl\/en\/wp-json\/wp\/v2\/media\/740"}],"wp:attachment":[{"href":"https:\/\/fabryka-staroci.pl\/en\/wp-json\/wp\/v2\/media?parent=1167"}],"wp:term":[{"taxonomy":"product_brand","embeddable":true,"href":"https:\/\/fabryka-staroci.pl\/en\/wp-json\/wp\/v2\/product_brand?post=1167"},{"taxonomy":"product_cat","embeddable":true,"href":"https:\/\/fabryka-staroci.pl\/en\/wp-json\/wp\/v2\/product_cat?post=1167"},{"taxonomy":"product_tag","embeddable":true,"href":"https:\/\/fabryka-staroci.pl\/en\/wp-json\/wp\/v2\/product_tag?post=1167"}],"curies":[{"name":"wp","href":"https:\/\/api.w.org\/{rel}","templated":true}]}}