{"id":1249,"date":"2023-09-23T19:12:25","date_gmt":"2023-09-23T19:12:25","guid":{"rendered":"https:\/\/fabryka-staroci.pl\/?post_type=product&#038;p=1249"},"modified":"2023-09-28T07:30:58","modified_gmt":"2023-09-28T07:30:58","slug":"wozek-piekarniczy","status":"publish","type":"product","link":"https:\/\/fabryka-staroci.pl\/en\/product\/wozek-piekarniczy\/","title":{"rendered":"W\u00f3zek piekarniczy"},"content":{"rendered":"<p>Dekoracyjny, r\u0119cznie robiony w\u00f3zek piekarniczy, je\u017cd\u017c\u0105cy, r\u0119cznie malowany z otwierana pokryw\u0105. Kraj pochodzenia Niemcy, rok produkcji 1960-1970. Stan dobry, nosz\u0105cy \u015blady u\u017cytkowania. Wymiary: d\u0142ugo\u015b\u0107 39cm; wysoko\u015b\u0107 27cm, szeroko\u015b\u0107 24cm (z ko\u0142ami).<\/p>","protected":false},"excerpt":{"rendered":"<p>Dekoracyjny, r\u0119cznie robiony w\u00f3zek piekarniczy, je\u017cd\u017c\u0105cy, r\u0119cznie malowany z otwierana pokryw\u0105. Kraj pochodzenia Niemcy, rok produkcji 1960-1970. Stan dobry, nosz\u0105cy \u015blady u\u017cytkowania. Wymiary: d\u0142ugo\u015b\u0107 39cm; wysoko\u015b\u0107 27cm, szeroko\u015b\u0107 24cm (z ko\u0142ami).<\/p>","protected":false},"featured_media":1215,"template":"","meta":[],"product_brand":[],"product_cat":[29,35,34],"product_tag":[],"class_list":{"0":"post-1249","1":"product","2":"type-product","3":"status-publish","4":"has-post-thumbnail","6":"product_cat-dekoracje","7":"product_cat-drewno","8":"product_cat-stara-reklama","9":"product_shipping_class-srednie-przedmioty","11":"first","12":"instock","13":"shipping-taxable","14":"purchasable","15":"product-type-simple"},"_links":{"self":[{"href":"https:\/\/fabryka-staroci.pl\/en\/wp-json\/wp\/v2\/product\/1249","targetHints":{"allow":["GET"]}}],"collection":[{"href":"https:\/\/fabryka-staroci.pl\/en\/wp-json\/wp\/v2\/product"}],"about":[{"href":"https:\/\/fabryka-staroci.pl\/en\/wp-json\/wp\/v2\/types\/product"}],"wp:featuredmedia":[{"embeddable":true,"href":"https:\/\/fabryka-staroci.pl\/en\/wp-json\/wp\/v2\/media\/1215"}],"wp:attachment":[{"href":"https:\/\/fabryka-staroci.pl\/en\/wp-json\/wp\/v2\/media?parent=1249"}],"wp:term":[{"taxonomy":"product_brand","embeddable":true,"href":"https:\/\/fabryka-staroci.pl\/en\/wp-json\/wp\/v2\/product_brand?post=1249"},{"taxonomy":"product_cat","embeddable":true,"href":"https:\/\/fabryka-staroci.pl\/en\/wp-json\/wp\/v2\/product_cat?post=1249"},{"taxonomy":"product_tag","embeddable":true,"href":"https:\/\/fabryka-staroci.pl\/en\/wp-json\/wp\/v2\/product_tag?post=1249"}],"curies":[{"name":"wp","href":"https:\/\/api.w.org\/{rel}","templated":true}]}}