{"id":1252,"date":"2023-09-23T19:40:56","date_gmt":"2023-09-23T19:40:56","guid":{"rendered":"https:\/\/fabryka-staroci.pl\/?post_type=product&#038;p=1252"},"modified":"2023-09-23T19:40:56","modified_gmt":"2023-09-23T19:40:56","slug":"taboret-styl-marbelli","status":"publish","type":"product","link":"https:\/\/fabryka-staroci.pl\/en\/product\/taboret-styl-marbelli\/","title":{"rendered":"Taboret styl Marbelli"},"content":{"rendered":"<p>Taboret z du\u017cymi uchwytami w stylu Marbelli, wykonany z drewna i metalu. Kraj pochodzenia Hiszpania, lata 60-te. Wymiary: wysoko\u015b\u0107 55cm; szeroko\u015b\u0107 siedziska 51cm; g\u0142\u0119boko\u015b\u0107 siedziska 41cm.<\/p>","protected":false},"excerpt":{"rendered":"<p>Taboret z du\u017cymi uchwytami w stylu Marbelli, wykonany z drewna i metalu. Kraj pochodzenia Hiszpania, lata 60-te. Wymiary: wysoko\u015b\u0107 55cm; szeroko\u015b\u0107 siedziska 51cm; g\u0142\u0119boko\u015b\u0107 siedziska 41cm.<\/p>","protected":false},"featured_media":1232,"template":"","meta":[],"product_brand":[],"product_cat":[29,35],"product_tag":[],"class_list":{"0":"post-1252","1":"product","2":"type-product","3":"status-publish","4":"has-post-thumbnail","6":"product_cat-dekoracje","7":"product_cat-drewno","8":"product_shipping_class-duze-przedmioty","10":"first","11":"instock","12":"shipping-taxable","13":"purchasable","14":"product-type-simple"},"_links":{"self":[{"href":"https:\/\/fabryka-staroci.pl\/en\/wp-json\/wp\/v2\/product\/1252","targetHints":{"allow":["GET"]}}],"collection":[{"href":"https:\/\/fabryka-staroci.pl\/en\/wp-json\/wp\/v2\/product"}],"about":[{"href":"https:\/\/fabryka-staroci.pl\/en\/wp-json\/wp\/v2\/types\/product"}],"wp:featuredmedia":[{"embeddable":true,"href":"https:\/\/fabryka-staroci.pl\/en\/wp-json\/wp\/v2\/media\/1232"}],"wp:attachment":[{"href":"https:\/\/fabryka-staroci.pl\/en\/wp-json\/wp\/v2\/media?parent=1252"}],"wp:term":[{"taxonomy":"product_brand","embeddable":true,"href":"https:\/\/fabryka-staroci.pl\/en\/wp-json\/wp\/v2\/product_brand?post=1252"},{"taxonomy":"product_cat","embeddable":true,"href":"https:\/\/fabryka-staroci.pl\/en\/wp-json\/wp\/v2\/product_cat?post=1252"},{"taxonomy":"product_tag","embeddable":true,"href":"https:\/\/fabryka-staroci.pl\/en\/wp-json\/wp\/v2\/product_tag?post=1252"}],"curies":[{"name":"wp","href":"https:\/\/api.w.org\/{rel}","templated":true}]}}