{"id":1657,"date":"2023-10-16T18:38:54","date_gmt":"2023-10-16T18:38:54","guid":{"rendered":"https:\/\/fabryka-staroci.pl\/?post_type=product&#038;p=1657"},"modified":"2023-10-16T18:38:54","modified_gmt":"2023-10-16T18:38:54","slug":"krzeslo-giete","status":"publish","type":"product","link":"https:\/\/fabryka-staroci.pl\/en\/product\/krzeslo-giete\/","title":{"rendered":"Krzes\u0142o gi\u0119te"},"content":{"rendered":"<p>Stare, przedwojenne krzes\u0142o gi\u0119te Thonet, prze\u0142om lat 30 -40 XXw. Nosi \u015blady u\u017cytkowania. Wymiary: wysoko\u015b\u0107 72cm; szeroko\u015b\u0107 siedziska 41; szeroko\u015b\u0107 oparcia 57,5cm; g\u0142\u0119boko\u015b\u0107 41cm.<\/p>","protected":false},"excerpt":{"rendered":"<p>Stare, przedwojenne krzes\u0142o gi\u0119te Thonet, prze\u0142om lat 30 -40 XXw. Nosi \u015blady u\u017cytkowania. Wymiary: wysoko\u015b\u0107 72cm; szeroko\u015b\u0107 siedziska 41; szeroko\u015b\u0107 oparcia 57,5cm; g\u0142\u0119boko\u015b\u0107 41cm.<\/p>","protected":false},"featured_media":1469,"template":"","meta":[],"product_brand":[],"product_cat":[35],"product_tag":[],"class_list":{"0":"post-1657","1":"product","2":"type-product","3":"status-publish","4":"has-post-thumbnail","6":"product_cat-drewno","7":"product_shipping_class-duze-przedmioty","9":"first","10":"instock","11":"shipping-taxable","12":"purchasable","13":"product-type-simple"},"_links":{"self":[{"href":"https:\/\/fabryka-staroci.pl\/en\/wp-json\/wp\/v2\/product\/1657","targetHints":{"allow":["GET"]}}],"collection":[{"href":"https:\/\/fabryka-staroci.pl\/en\/wp-json\/wp\/v2\/product"}],"about":[{"href":"https:\/\/fabryka-staroci.pl\/en\/wp-json\/wp\/v2\/types\/product"}],"wp:featuredmedia":[{"embeddable":true,"href":"https:\/\/fabryka-staroci.pl\/en\/wp-json\/wp\/v2\/media\/1469"}],"wp:attachment":[{"href":"https:\/\/fabryka-staroci.pl\/en\/wp-json\/wp\/v2\/media?parent=1657"}],"wp:term":[{"taxonomy":"product_brand","embeddable":true,"href":"https:\/\/fabryka-staroci.pl\/en\/wp-json\/wp\/v2\/product_brand?post=1657"},{"taxonomy":"product_cat","embeddable":true,"href":"https:\/\/fabryka-staroci.pl\/en\/wp-json\/wp\/v2\/product_cat?post=1657"},{"taxonomy":"product_tag","embeddable":true,"href":"https:\/\/fabryka-staroci.pl\/en\/wp-json\/wp\/v2\/product_tag?post=1657"}],"curies":[{"name":"wp","href":"https:\/\/api.w.org\/{rel}","templated":true}]}}