{"id":1668,"date":"2023-10-18T19:17:22","date_gmt":"2023-10-18T19:17:22","guid":{"rendered":"https:\/\/fabryka-staroci.pl\/?post_type=product&#038;p=1668"},"modified":"2023-10-18T19:17:22","modified_gmt":"2023-10-18T19:17:22","slug":"wieszak-boulangerie","status":"publish","type":"product","link":"https:\/\/fabryka-staroci.pl\/en\/product\/wieszak-boulangerie\/","title":{"rendered":"Wieszak Boulangerie"},"content":{"rendered":"<p>Wieszak Boulangerie, kraj pochodzenia Francja. Nosi \u015blady u\u017cytkowania. Wymiary: szeroko\u015b\u0107 72,5cm; wysoko\u015b\u0107 41cm; g\u0142\u0119boko\u015b\u0107 13cm.<\/p>","protected":false},"excerpt":{"rendered":"<p>Wieszak Boulangerie, kraj pochodzenia Francja. Nosi \u015blady u\u017cytkowania. Wymiary: szeroko\u015b\u0107 72,5cm; wysoko\u015b\u0107 41cm; g\u0142\u0119boko\u015b\u0107 13cm.<\/p>","protected":false},"featured_media":1526,"template":"","meta":[],"product_brand":[],"product_cat":[36],"product_tag":[],"class_list":{"0":"post-1668","1":"product","2":"type-product","3":"status-publish","4":"has-post-thumbnail","6":"product_cat-inne","7":"product_shipping_class-duze-przedmioty","9":"first","10":"instock","11":"shipping-taxable","12":"purchasable","13":"product-type-simple"},"_links":{"self":[{"href":"https:\/\/fabryka-staroci.pl\/en\/wp-json\/wp\/v2\/product\/1668","targetHints":{"allow":["GET"]}}],"collection":[{"href":"https:\/\/fabryka-staroci.pl\/en\/wp-json\/wp\/v2\/product"}],"about":[{"href":"https:\/\/fabryka-staroci.pl\/en\/wp-json\/wp\/v2\/types\/product"}],"wp:featuredmedia":[{"embeddable":true,"href":"https:\/\/fabryka-staroci.pl\/en\/wp-json\/wp\/v2\/media\/1526"}],"wp:attachment":[{"href":"https:\/\/fabryka-staroci.pl\/en\/wp-json\/wp\/v2\/media?parent=1668"}],"wp:term":[{"taxonomy":"product_brand","embeddable":true,"href":"https:\/\/fabryka-staroci.pl\/en\/wp-json\/wp\/v2\/product_brand?post=1668"},{"taxonomy":"product_cat","embeddable":true,"href":"https:\/\/fabryka-staroci.pl\/en\/wp-json\/wp\/v2\/product_cat?post=1668"},{"taxonomy":"product_tag","embeddable":true,"href":"https:\/\/fabryka-staroci.pl\/en\/wp-json\/wp\/v2\/product_tag?post=1668"}],"curies":[{"name":"wp","href":"https:\/\/api.w.org\/{rel}","templated":true}]}}