{"id":1669,"date":"2023-10-18T19:27:18","date_gmt":"2023-10-18T19:27:18","guid":{"rendered":"https:\/\/fabryka-staroci.pl\/?post_type=product&#038;p=1669"},"modified":"2023-10-18T19:27:18","modified_gmt":"2023-10-18T19:27:18","slug":"drewniany-pojemnik-2","status":"publish","type":"product","link":"https:\/\/fabryka-staroci.pl\/en\/product\/drewniany-pojemnik-2\/","title":{"rendered":"Drewniany pojemnik"},"content":{"rendered":"<p>Stary drewniany pojemnik (gi\u0119te drewno). Doskona\u0142y element dekoracyjny. Nosi \u015blady u\u017cytkowania. Wymiary: szeroko\u015b\u0107 52cm; wysoko\u015b\u0107 18,5cm; g\u0142\u0119boko\u015b\u0107 29cm.<\/p>","protected":false},"excerpt":{"rendered":"<p>Stary drewniany pojemnik (gi\u0119te drewno). Doskona\u0142y element dekoracyjny. Nosi \u015blady u\u017cytkowania. Wymiary: szeroko\u015b\u0107 52cm; wysoko\u015b\u0107 18,5cm; g\u0142\u0119boko\u015b\u0107 29cm.<\/p>","protected":false},"featured_media":1533,"template":"","meta":[],"product_brand":[],"product_cat":[29,35],"product_tag":[],"class_list":{"0":"post-1669","1":"product","2":"type-product","3":"status-publish","4":"has-post-thumbnail","6":"product_cat-dekoracje","7":"product_cat-drewno","8":"product_shipping_class-srednie-przedmioty","10":"first","11":"instock","12":"shipping-taxable","13":"purchasable","14":"product-type-simple"},"_links":{"self":[{"href":"https:\/\/fabryka-staroci.pl\/en\/wp-json\/wp\/v2\/product\/1669","targetHints":{"allow":["GET"]}}],"collection":[{"href":"https:\/\/fabryka-staroci.pl\/en\/wp-json\/wp\/v2\/product"}],"about":[{"href":"https:\/\/fabryka-staroci.pl\/en\/wp-json\/wp\/v2\/types\/product"}],"wp:featuredmedia":[{"embeddable":true,"href":"https:\/\/fabryka-staroci.pl\/en\/wp-json\/wp\/v2\/media\/1533"}],"wp:attachment":[{"href":"https:\/\/fabryka-staroci.pl\/en\/wp-json\/wp\/v2\/media?parent=1669"}],"wp:term":[{"taxonomy":"product_brand","embeddable":true,"href":"https:\/\/fabryka-staroci.pl\/en\/wp-json\/wp\/v2\/product_brand?post=1669"},{"taxonomy":"product_cat","embeddable":true,"href":"https:\/\/fabryka-staroci.pl\/en\/wp-json\/wp\/v2\/product_cat?post=1669"},{"taxonomy":"product_tag","embeddable":true,"href":"https:\/\/fabryka-staroci.pl\/en\/wp-json\/wp\/v2\/product_tag?post=1669"}],"curies":[{"name":"wp","href":"https:\/\/api.w.org\/{rel}","templated":true}]}}