{"id":1671,"date":"2023-10-18T19:45:53","date_gmt":"2023-10-18T19:45:53","guid":{"rendered":"https:\/\/fabryka-staroci.pl\/?post_type=product&#038;p=1671"},"modified":"2023-10-18T19:45:53","modified_gmt":"2023-10-18T19:45:53","slug":"kola-giete","status":"publish","type":"product","link":"https:\/\/fabryka-staroci.pl\/en\/product\/kola-giete\/","title":{"rendered":"Ko\u0142a gi\u0119te"},"content":{"rendered":"<p>Stare gi\u0119te ko\u0142a od wozu. Mog\u0105 stanowi\u0107 doskona\u0142y element dekoracyjny. Wymiary: \u015brednica 62cm; grubo\u015b\u0107 k\u00f3\u0142 4cm.<\/p>","protected":false},"excerpt":{"rendered":"<p>Stare gi\u0119te ko\u0142a od wozu. Mog\u0105 stanowi\u0107 doskona\u0142y element dekoracyjny. Wymiary: \u015brednica 62cm; grubo\u015b\u0107 k\u00f3\u0142 4cm.<\/p>","protected":false},"featured_media":1549,"template":"","meta":[],"product_brand":[],"product_cat":[29,35],"product_tag":[],"class_list":{"0":"post-1671","1":"product","2":"type-product","3":"status-publish","4":"has-post-thumbnail","6":"product_cat-dekoracje","7":"product_cat-drewno","8":"product_shipping_class-duze-przedmioty","10":"first","11":"instock","12":"shipping-taxable","13":"purchasable","14":"product-type-simple"},"_links":{"self":[{"href":"https:\/\/fabryka-staroci.pl\/en\/wp-json\/wp\/v2\/product\/1671","targetHints":{"allow":["GET"]}}],"collection":[{"href":"https:\/\/fabryka-staroci.pl\/en\/wp-json\/wp\/v2\/product"}],"about":[{"href":"https:\/\/fabryka-staroci.pl\/en\/wp-json\/wp\/v2\/types\/product"}],"wp:featuredmedia":[{"embeddable":true,"href":"https:\/\/fabryka-staroci.pl\/en\/wp-json\/wp\/v2\/media\/1549"}],"wp:attachment":[{"href":"https:\/\/fabryka-staroci.pl\/en\/wp-json\/wp\/v2\/media?parent=1671"}],"wp:term":[{"taxonomy":"product_brand","embeddable":true,"href":"https:\/\/fabryka-staroci.pl\/en\/wp-json\/wp\/v2\/product_brand?post=1671"},{"taxonomy":"product_cat","embeddable":true,"href":"https:\/\/fabryka-staroci.pl\/en\/wp-json\/wp\/v2\/product_cat?post=1671"},{"taxonomy":"product_tag","embeddable":true,"href":"https:\/\/fabryka-staroci.pl\/en\/wp-json\/wp\/v2\/product_tag?post=1671"}],"curies":[{"name":"wp","href":"https:\/\/api.w.org\/{rel}","templated":true}]}}