{"id":1677,"date":"2023-10-22T18:02:48","date_gmt":"2023-10-22T18:02:48","guid":{"rendered":"https:\/\/fabryka-staroci.pl\/?post_type=product&#038;p=1677"},"modified":"2023-10-22T18:02:48","modified_gmt":"2023-10-22T18:02:48","slug":"niemieckie-skrzynki","status":"publish","type":"product","link":"https:\/\/fabryka-staroci.pl\/en\/product\/niemieckie-skrzynki\/","title":{"rendered":"Niemieckie skrzynki"},"content":{"rendered":"<p>Stare, niemieckie skrzynki &#8211; kufry z okresu II wojny \u015bwiatowej Nazi SS Heizrost. Trzy sztuki o wymiarach: szeroko\u015b\u0107 41 cm ; wysoko\u015b\u0107 10 cm; g\u0142\u0119boko\u015b\u0107 28 cm.<\/p>","protected":false},"excerpt":{"rendered":"<p>Stare, niemieckie skrzynki &#8211; kufry z okresu II wojny \u015bwiatowej Nazi SS Heizrost. Trzy sztuki o wymiarach: szeroko\u015b\u0107 41 cm ; wysoko\u015b\u0107 10 cm; g\u0142\u0119boko\u015b\u0107 28 cm.<\/p>","protected":false},"featured_media":1575,"template":"","meta":[],"product_brand":[],"product_cat":[35,36],"product_tag":[],"class_list":{"0":"post-1677","1":"product","2":"type-product","3":"status-publish","4":"has-post-thumbnail","6":"product_cat-drewno","7":"product_cat-inne","8":"product_shipping_class-duze-przedmioty","10":"first","11":"instock","12":"shipping-taxable","13":"purchasable","14":"product-type-simple"},"_links":{"self":[{"href":"https:\/\/fabryka-staroci.pl\/en\/wp-json\/wp\/v2\/product\/1677","targetHints":{"allow":["GET"]}}],"collection":[{"href":"https:\/\/fabryka-staroci.pl\/en\/wp-json\/wp\/v2\/product"}],"about":[{"href":"https:\/\/fabryka-staroci.pl\/en\/wp-json\/wp\/v2\/types\/product"}],"wp:featuredmedia":[{"embeddable":true,"href":"https:\/\/fabryka-staroci.pl\/en\/wp-json\/wp\/v2\/media\/1575"}],"wp:attachment":[{"href":"https:\/\/fabryka-staroci.pl\/en\/wp-json\/wp\/v2\/media?parent=1677"}],"wp:term":[{"taxonomy":"product_brand","embeddable":true,"href":"https:\/\/fabryka-staroci.pl\/en\/wp-json\/wp\/v2\/product_brand?post=1677"},{"taxonomy":"product_cat","embeddable":true,"href":"https:\/\/fabryka-staroci.pl\/en\/wp-json\/wp\/v2\/product_cat?post=1677"},{"taxonomy":"product_tag","embeddable":true,"href":"https:\/\/fabryka-staroci.pl\/en\/wp-json\/wp\/v2\/product_tag?post=1677"}],"curies":[{"name":"wp","href":"https:\/\/api.w.org\/{rel}","templated":true}]}}