{"id":1682,"date":"2023-10-22T18:41:00","date_gmt":"2023-10-22T18:41:00","guid":{"rendered":"https:\/\/fabryka-staroci.pl\/?post_type=product&#038;p=1682"},"modified":"2023-10-22T18:41:00","modified_gmt":"2023-10-22T18:41:00","slug":"beczka","status":"publish","type":"product","link":"https:\/\/fabryka-staroci.pl\/en\/product\/beczka\/","title":{"rendered":"Beczka"},"content":{"rendered":"<p>Stara beczka z browaru Stare Brno. Stan jak na zdj\u0119ciach.\u00a0 Wymiary: wysoko\u015b\u0107 44,5 cm; \u015brednica w najszerszym miejscu 40 cm; \u015brednica w g\u00f3rnej cz\u0119\u015bci 35 cm.<\/p>","protected":false},"excerpt":{"rendered":"<p>Stara beczka z browaru Stare Brno. Stan jak na zdj\u0119ciach.\u00a0 Wymiary: wysoko\u015b\u0107 44,5 cm; \u015brednica w najszerszym miejscu 40 cm; \u015brednica w g\u00f3rnej cz\u0119\u015bci 35 cm.<\/p>","protected":false},"featured_media":1591,"template":"","meta":[],"product_brand":[],"product_cat":[29,35],"product_tag":[],"class_list":{"0":"post-1682","1":"product","2":"type-product","3":"status-publish","4":"has-post-thumbnail","6":"product_cat-dekoracje","7":"product_cat-drewno","8":"product_shipping_class-duze-przedmioty","10":"first","11":"instock","12":"shipping-taxable","13":"purchasable","14":"product-type-simple"},"_links":{"self":[{"href":"https:\/\/fabryka-staroci.pl\/en\/wp-json\/wp\/v2\/product\/1682","targetHints":{"allow":["GET"]}}],"collection":[{"href":"https:\/\/fabryka-staroci.pl\/en\/wp-json\/wp\/v2\/product"}],"about":[{"href":"https:\/\/fabryka-staroci.pl\/en\/wp-json\/wp\/v2\/types\/product"}],"wp:featuredmedia":[{"embeddable":true,"href":"https:\/\/fabryka-staroci.pl\/en\/wp-json\/wp\/v2\/media\/1591"}],"wp:attachment":[{"href":"https:\/\/fabryka-staroci.pl\/en\/wp-json\/wp\/v2\/media?parent=1682"}],"wp:term":[{"taxonomy":"product_brand","embeddable":true,"href":"https:\/\/fabryka-staroci.pl\/en\/wp-json\/wp\/v2\/product_brand?post=1682"},{"taxonomy":"product_cat","embeddable":true,"href":"https:\/\/fabryka-staroci.pl\/en\/wp-json\/wp\/v2\/product_cat?post=1682"},{"taxonomy":"product_tag","embeddable":true,"href":"https:\/\/fabryka-staroci.pl\/en\/wp-json\/wp\/v2\/product_tag?post=1682"}],"curies":[{"name":"wp","href":"https:\/\/api.w.org\/{rel}","templated":true}]}}