{"id":941,"date":"2023-09-10T19:38:49","date_gmt":"2023-09-10T19:38:49","guid":{"rendered":"https:\/\/fabryka-staroci.pl\/?post_type=product&#038;p=941"},"modified":"2023-12-06T09:53:49","modified_gmt":"2023-12-06T09:53:49","slug":"magiel","status":"publish","type":"product","link":"https:\/\/fabryka-staroci.pl\/en\/product\/magiel\/","title":{"rendered":"Magiel"},"content":{"rendered":"<p>Ameryka\u0144ski, zabytkowy magiel r\u0119czny . Przedmiot kolekcjonerski. Mo\u017ce stanowi\u0107 doskona\u0142\u0105 ozdob\u0119 wn\u0119trza.<\/p>","protected":false},"excerpt":{"rendered":"<p>Stary magiel r\u0119czny<\/p>","protected":false},"featured_media":873,"template":"","meta":[],"product_brand":[],"product_cat":[29,35,36],"product_tag":[],"class_list":{"0":"post-941","1":"product","2":"type-product","3":"status-publish","4":"has-post-thumbnail","6":"product_cat-dekoracje","7":"product_cat-drewno","8":"product_cat-inne","9":"product_shipping_class-duze-przedmioty","11":"first","12":"instock","13":"shipping-taxable","14":"purchasable","15":"product-type-simple"},"_links":{"self":[{"href":"https:\/\/fabryka-staroci.pl\/en\/wp-json\/wp\/v2\/product\/941","targetHints":{"allow":["GET"]}}],"collection":[{"href":"https:\/\/fabryka-staroci.pl\/en\/wp-json\/wp\/v2\/product"}],"about":[{"href":"https:\/\/fabryka-staroci.pl\/en\/wp-json\/wp\/v2\/types\/product"}],"wp:featuredmedia":[{"embeddable":true,"href":"https:\/\/fabryka-staroci.pl\/en\/wp-json\/wp\/v2\/media\/873"}],"wp:attachment":[{"href":"https:\/\/fabryka-staroci.pl\/en\/wp-json\/wp\/v2\/media?parent=941"}],"wp:term":[{"taxonomy":"product_brand","embeddable":true,"href":"https:\/\/fabryka-staroci.pl\/en\/wp-json\/wp\/v2\/product_brand?post=941"},{"taxonomy":"product_cat","embeddable":true,"href":"https:\/\/fabryka-staroci.pl\/en\/wp-json\/wp\/v2\/product_cat?post=941"},{"taxonomy":"product_tag","embeddable":true,"href":"https:\/\/fabryka-staroci.pl\/en\/wp-json\/wp\/v2\/product_tag?post=941"}],"curies":[{"name":"wp","href":"https:\/\/api.w.org\/{rel}","templated":true}]}}