{"id":977,"date":"2023-08-07T18:45:14","date_gmt":"2023-08-07T18:45:14","guid":{"rendered":"https:\/\/fabryka-staroci.pl\/?post_type=product&#038;p=977"},"modified":"2023-08-07T18:52:30","modified_gmt":"2023-08-07T18:52:30","slug":"fotel-bambusowy","status":"publish","type":"product","link":"https:\/\/fabryka-staroci.pl\/en\/product\/fotel-bambusowy\/","title":{"rendered":"Fotel bambusowy"},"content":{"rendered":"<p>Bambusowy fotel. Kraj pochodzenia Holandia, oszacowany okres &#8211; II po\u0142owa 20w. Stan dobry, z niewielkimi \u015bladami u\u017cytkowania. Wymiary: wysoko\u015b\u0107 80cm, szeroko\u015b\u0107 50cm, g\u0142\u0119boko\u015b\u0107 57cm.<\/p>","protected":false},"excerpt":{"rendered":"<p>Bambusowy fotel. Kraj pochodzenia Holandia, oszacowany okres &#8211; II po\u0142owa 20w. Stan dobry, z niewielkimi \u015bladami u\u017cytkowania. Wymiary: wysoko\u015b\u0107 80cm, szeroko\u015b\u0107 50cm, g\u0142\u0119boko\u015b\u0107 57cm.<\/p>","protected":false},"featured_media":774,"template":"","meta":[],"product_brand":[],"product_cat":[29,35,36],"product_tag":[],"class_list":{"0":"post-977","1":"product","2":"type-product","3":"status-publish","4":"has-post-thumbnail","6":"product_cat-dekoracje","7":"product_cat-drewno","8":"product_cat-inne","9":"product_shipping_class-duze-przedmioty","11":"first","12":"instock","13":"shipping-taxable","14":"purchasable","15":"product-type-simple"},"_links":{"self":[{"href":"https:\/\/fabryka-staroci.pl\/en\/wp-json\/wp\/v2\/product\/977","targetHints":{"allow":["GET"]}}],"collection":[{"href":"https:\/\/fabryka-staroci.pl\/en\/wp-json\/wp\/v2\/product"}],"about":[{"href":"https:\/\/fabryka-staroci.pl\/en\/wp-json\/wp\/v2\/types\/product"}],"wp:featuredmedia":[{"embeddable":true,"href":"https:\/\/fabryka-staroci.pl\/en\/wp-json\/wp\/v2\/media\/774"}],"wp:attachment":[{"href":"https:\/\/fabryka-staroci.pl\/en\/wp-json\/wp\/v2\/media?parent=977"}],"wp:term":[{"taxonomy":"product_brand","embeddable":true,"href":"https:\/\/fabryka-staroci.pl\/en\/wp-json\/wp\/v2\/product_brand?post=977"},{"taxonomy":"product_cat","embeddable":true,"href":"https:\/\/fabryka-staroci.pl\/en\/wp-json\/wp\/v2\/product_cat?post=977"},{"taxonomy":"product_tag","embeddable":true,"href":"https:\/\/fabryka-staroci.pl\/en\/wp-json\/wp\/v2\/product_tag?post=977"}],"curies":[{"name":"wp","href":"https:\/\/api.w.org\/{rel}","templated":true}]}}