{"id":1605,"date":"2023-10-04T18:48:12","date_gmt":"2023-10-04T18:48:12","guid":{"rendered":"https:\/\/fabryka-staroci.pl\/?page_id=1605"},"modified":"2024-09-29T22:01:46","modified_gmt":"2024-09-29T22:01:46","slug":"reklamacje-i-zwroty","status":"publish","type":"page","link":"https:\/\/fabryka-staroci.pl\/pl_pl\/reklamacje-i-zwroty\/","title":{"rendered":"Reklamacje i zwroty"},"content":{"rendered":"\t\t<div data-elementor-type=\"wp-page\" data-elementor-id=\"1605\" class=\"elementor elementor-1605\">\n\t\t\t\t\t\t<section class=\"elementor-section elementor-top-section elementor-element elementor-element-52fd371b elementor-section-boxed elementor-section-height-default elementor-section-height-default\" data-id=\"52fd371b\" data-element_type=\"section\" data-e-type=\"section\">\n\t\t\t\t\t\t<div class=\"elementor-container elementor-column-gap-default\">\n\t\t\t\t\t<div class=\"elementor-column elementor-col-100 elementor-top-column elementor-element elementor-element-eff6c97\" data-id=\"eff6c97\" data-element_type=\"column\" data-e-type=\"column\">\n\t\t\t<div class=\"elementor-widget-wrap elementor-element-populated\">\n\t\t\t\t\t\t<div class=\"elementor-element elementor-element-4c1955f elementor-widget elementor-widget-text-editor\" data-id=\"4c1955f\" data-element_type=\"widget\" data-e-type=\"widget\" data-widget_type=\"text-editor.default\">\n\t\t\t\t<div class=\"elementor-widget-container\">\n\t\t\t\t\t\t\t\t\t<p><\/p>\n<h2><b>Reklamacje i zwroty\u00a0<\/b><\/h2>\n<p>\u00a0<\/p>\n<h3>Reklamacje<\/h3>\n<p>Reklamacje dotycz\u0105ce nabytego towaru (w tym uszkodzenia towaru,<br \/>uszkodzenia przesy\u0142ki, b\u0142\u0119dna realizacja zam\u00f3wienia z winy Sprzedaj\u0105cego) powinny<br \/>by\u0107 sk\u0142adane przez Kupuj\u0105cego pisemnie wraz z jednoczesnym dostarczeniem<br \/>reklamowanego towaru do siedziby Sprzedaj\u0105cego. Reklamacje powinny zawiera\u0107<br \/>numer zam\u00f3wienia, dat\u0119 z\u0142o\u017cenia reklamacji,\u00a0 nazw\u0119 towaru, zakres reklamacji oraz<br \/>inne dokumenty po\u015bwiadczaj\u0105ce \u017c\u0105danie Kupuj\u0105cego (np. protok\u00f3\u0142 reklamacji spisany<br \/>w obecno\u015bci dor\u0119czyciela stwierdzaj\u0105cy uszkodzenia przesy\u0142ki podczas transportu oraz<br \/>dodatkowo ewentualne fotografie stwierdzaj\u0105ce zaistnia\u0142e zdarzenie). Sk\u0142adaj\u0105c<br \/>reklamacj\u0119 Kupuj\u0105cy powinien dostarczy\u0107 reklamowany towar nale\u017cycie zapakowany,<br \/>wraz z wszelkimi dokumentami wydanymi przy zakupie towaru. Termin na rozpatrzenie<br \/>reklamacji liczy si\u0119 od dnia dostarczenia reklamowanego towaru do siedziby<br \/>Sprzedaj\u0105cego. Sprzedaj\u0105cy rozpatruje reklamacj\u0119\u00a0bez zb\u0119dnej zw\u0142oki, nie p\u00f3\u017aniej ni\u017c\u00a0<br \/>w terminie 14 dni od dnia otrzymania pisma i przedmiotu reklamacji. Odpowied\u017a na<br \/>reklamacj\u0119 wysy\u0142ana jest w formie elektronicznej na adres Kupuj\u0105cego podany w<br \/>formularzu rejestracyjnym lub pisemnie na jego adres korespondencyjny. Wszelkie<br \/>w\u0105tpliwo\u015bci i zapytania dotycz\u0105ce oferowanych towar\u00f3w oraz zwi\u0105zane z realizacj\u0105<br \/>zam\u00f3wienia powinny by\u0107 kierowane na nast\u0119puj\u0105ce dane kontaktowe:<br \/>PlayArt Artur Rudnicki, ul. Beksi\u0144skiego 4, 38-500 Sanok<br \/>tel. 733\u00a0730 333\u00a0<br \/>biuro@fabryka-staroci.pl<\/p>\n<h3>\u00a0<\/h3>\n<h3>Zwrot produkt\u00f3w<\/h3>\n<p>Zgodnie z Ustaw\u0105 z dnia 30 maja 2014 r. &amp;amp;quot;o prawach konsumenta&amp;amp;quot;<br \/>(Dz, U. 2014 poz. 827), Kupuj\u0105cy, kt\u00f3ry zawar\u0142 umow\u0119 na odleg\u0142o\u015b\u0107, mo\u017ce od niej odst\u0105pi\u0107 bez<br \/>podania przyczyny w terminie 14 dni. W tym celu Klient zobligowany jest do z\u0142o\u017cenia na pi\u015bmie<br \/>stosownego o\u015bwiadczenia w ci\u0105gu 14 dni od daty otrzymania towaru. Zwrot towaru do<br \/>sprzedawcy powinien nast\u0105pi\u0107 niezw\u0142ocznie, nie p\u00f3\u017aniej ni\u017c w terminie 14 dni od momentu<br \/>odst\u0105pienia od daty z\u0142o\u017cenia o\u015bwiadczenia o odst\u0105pieniu od umowy kupna\/sprzeda\u017cy.<br \/>Zgodnie z ustaw\u0105 zwracany towar powinien by\u0107 w stanie niezmienionym i nale\u017cycie opakowany<\/p>\n<p>do wysy\u0142ki zwrotnej. Towary przeznaczone do zwrotu nale\u017cy odes\u0142a\u0107 na adres siedziby sklepu<br \/>tj. PlayArt Artur Rudnicki, ul. Beksi\u0144skiego 4, 38-500 Sanok.<br \/>Zwroty wys\u0142ane za pobraniem nie b\u0119d\u0105 odbierane. Zwrot pieni\u0119dzy za zwr\u00f3cone towary oraz<br \/>przesy\u0142k\u0119 zwrotn\u0105, zostanie dokonany przez sprzedawc\u0119 niezw\u0142ocznie, nie p\u00f3\u017aniej ni\u017c<br \/>w terminie 14 dni na numer rachunku bankowego klienta wskazany w o\u015bwiadczeniu<br \/>o odst\u0105pieniu od umowy.<\/p>\n<p><\/p>\t\t\t\t\t\t\t\t<\/div>\n\t\t\t\t<\/div>\n\t\t\t\t\t<\/div>\n\t\t<\/div>\n\t\t\t\t\t<\/div>\n\t\t<\/section>\n\t\t\t\t<\/div>\n\t\t","protected":false},"excerpt":{"rendered":"<p>Reklamacje i zwroty\u00a0 \u00a0 Reklamacje Reklamacje dotycz\u0105ce nabytego towaru (w tym uszkodzenia towaru,uszkodzenia przesy\u0142ki, b\u0142\u0119dna realizacja zam\u00f3wienia z winy Sprzedaj\u0105cego) powinnyby\u0107 sk\u0142adane przez Kupuj\u0105cego pisemnie wraz z jednoczesnym dostarczeniemreklamowanego towaru do siedziby Sprzedaj\u0105cego. Reklamacje powinny zawiera\u0107numer zam\u00f3wienia, dat\u0119 z\u0142o\u017cenia reklamacji,\u00a0 nazw\u0119 towaru, zakres reklamacji orazinne dokumenty po\u015bwiadczaj\u0105ce \u017c\u0105danie Kupuj\u0105cego (np. protok\u00f3\u0142 reklamacji spisanyw obecno\u015bci dor\u0119czyciela [&hellip;]<\/p>\n","protected":false},"author":1,"featured_media":0,"parent":0,"menu_order":0,"comment_status":"closed","ping_status":"closed","template":"","meta":{"footnotes":""},"class_list":["post-1605","page","type-page","status-publish","hentry"],"_links":{"self":[{"href":"https:\/\/fabryka-staroci.pl\/pl_pl\/wp-json\/wp\/v2\/pages\/1605","targetHints":{"allow":["GET"]}}],"collection":[{"href":"https:\/\/fabryka-staroci.pl\/pl_pl\/wp-json\/wp\/v2\/pages"}],"about":[{"href":"https:\/\/fabryka-staroci.pl\/pl_pl\/wp-json\/wp\/v2\/types\/page"}],"author":[{"embeddable":true,"href":"https:\/\/fabryka-staroci.pl\/pl_pl\/wp-json\/wp\/v2\/users\/1"}],"replies":[{"embeddable":true,"href":"https:\/\/fabryka-staroci.pl\/pl_pl\/wp-json\/wp\/v2\/comments?post=1605"}],"version-history":[{"count":7,"href":"https:\/\/fabryka-staroci.pl\/pl_pl\/wp-json\/wp\/v2\/pages\/1605\/revisions"}],"predecessor-version":[{"id":1715,"href":"https:\/\/fabryka-staroci.pl\/pl_pl\/wp-json\/wp\/v2\/pages\/1605\/revisions\/1715"}],"wp:attachment":[{"href":"https:\/\/fabryka-staroci.pl\/pl_pl\/wp-json\/wp\/v2\/media?parent=1605"}],"curies":[{"name":"wp","href":"https:\/\/api.w.org\/{rel}","templated":true}]}}