{"id":1009,"date":"2023-08-08T18:11:22","date_gmt":"2023-08-08T18:11:22","guid":{"rendered":"https:\/\/fabryka-staroci.pl\/?post_type=product&#038;p=1009"},"modified":"2023-08-08T18:11:22","modified_gmt":"2023-08-08T18:11:22","slug":"drewniane-pudelko","status":"publish","type":"product","link":"https:\/\/fabryka-staroci.pl\/pl_pl\/produkt\/drewniane-pudelko\/","title":{"rendered":"Drewniane pude\u0142ko"},"content":{"rendered":"<p>Pude\u0142ko drewniane z szufladkami, w ca\u0142o\u015bci wykonane r\u0119cznie. Wymiary: d\u0142ugo\u015b\u0107 22cm, wysoko\u015b\u0107 10cm, szeroko\u015b\u0107 10cm. Sprawdzi si\u0119 jako doskona\u0142y prezent jak i element dekoracyjny.<\/p>\n","protected":false},"excerpt":{"rendered":"<p>Pude\u0142ko drewniane z szufladkami, w ca\u0142o\u015bci wykonane r\u0119cznie. Wymiary: d\u0142ugo\u015b\u0107 22cm, wysoko\u015b\u0107 10cm, szeroko\u015b\u0107 10cm. Sprawdzi si\u0119 jako doskona\u0142y prezent jak i element dekoracyjny.<\/p>\n","protected":false},"featured_media":691,"template":"","meta":[],"product_brand":[],"product_cat":[29,35],"product_tag":[],"class_list":{"0":"post-1009","1":"product","2":"type-product","3":"status-publish","4":"has-post-thumbnail","6":"product_cat-dekoracje","7":"product_cat-drewno","8":"product_shipping_class-male-przedmioty","10":"first","11":"instock","12":"shipping-taxable","13":"purchasable","14":"product-type-simple"},"_links":{"self":[{"href":"https:\/\/fabryka-staroci.pl\/pl_pl\/wp-json\/wp\/v2\/product\/1009","targetHints":{"allow":["GET"]}}],"collection":[{"href":"https:\/\/fabryka-staroci.pl\/pl_pl\/wp-json\/wp\/v2\/product"}],"about":[{"href":"https:\/\/fabryka-staroci.pl\/pl_pl\/wp-json\/wp\/v2\/types\/product"}],"wp:featuredmedia":[{"embeddable":true,"href":"https:\/\/fabryka-staroci.pl\/pl_pl\/wp-json\/wp\/v2\/media\/691"}],"wp:attachment":[{"href":"https:\/\/fabryka-staroci.pl\/pl_pl\/wp-json\/wp\/v2\/media?parent=1009"}],"wp:term":[{"taxonomy":"product_brand","embeddable":true,"href":"https:\/\/fabryka-staroci.pl\/pl_pl\/wp-json\/wp\/v2\/product_brand?post=1009"},{"taxonomy":"product_cat","embeddable":true,"href":"https:\/\/fabryka-staroci.pl\/pl_pl\/wp-json\/wp\/v2\/product_cat?post=1009"},{"taxonomy":"product_tag","embeddable":true,"href":"https:\/\/fabryka-staroci.pl\/pl_pl\/wp-json\/wp\/v2\/product_tag?post=1009"}],"curies":[{"name":"wp","href":"https:\/\/api.w.org\/{rel}","templated":true}]}}