{"id":1010,"date":"2023-08-08T18:08:30","date_gmt":"2023-08-08T18:08:30","guid":{"rendered":"https:\/\/fabryka-staroci.pl\/?post_type=product&#038;p=1010"},"modified":"2023-08-08T18:08:30","modified_gmt":"2023-08-08T18:08:30","slug":"ramki-debowe","status":"publish","type":"product","link":"https:\/\/fabryka-staroci.pl\/pl_pl\/produkt\/ramki-debowe\/","title":{"rendered":"Ramki d\u0119bowe"},"content":{"rendered":"<p>Komplet starych, d\u0119bowych ramek. Wymiary zewn\u0119trzne: szeroko\u015b\u0107 44cm, wysoko\u015b\u0107 33cm; wewn\u0105trz- szeroko\u015b\u0107 32cm, wysoko\u015b\u0107 20,5cm.<\/p>\n","protected":false},"excerpt":{"rendered":"<p>Komplet starych, d\u0119bowych ramek. Wymiary zewn\u0119trzne: szeroko\u015b\u0107 44cm, wysoko\u015b\u0107 33cm; wewn\u0105trz- szeroko\u015b\u0107 32cm, wysoko\u015b\u0107 20,5cm.<\/p>\n","protected":false},"featured_media":689,"template":"","meta":[],"product_brand":[],"product_cat":[29,35],"product_tag":[],"class_list":{"0":"post-1010","1":"product","2":"type-product","3":"status-publish","4":"has-post-thumbnail","6":"product_cat-dekoracje","7":"product_cat-drewno","8":"product_shipping_class-male-przedmioty","10":"first","11":"instock","12":"shipping-taxable","13":"purchasable","14":"product-type-simple"},"_links":{"self":[{"href":"https:\/\/fabryka-staroci.pl\/pl_pl\/wp-json\/wp\/v2\/product\/1010","targetHints":{"allow":["GET"]}}],"collection":[{"href":"https:\/\/fabryka-staroci.pl\/pl_pl\/wp-json\/wp\/v2\/product"}],"about":[{"href":"https:\/\/fabryka-staroci.pl\/pl_pl\/wp-json\/wp\/v2\/types\/product"}],"wp:featuredmedia":[{"embeddable":true,"href":"https:\/\/fabryka-staroci.pl\/pl_pl\/wp-json\/wp\/v2\/media\/689"}],"wp:attachment":[{"href":"https:\/\/fabryka-staroci.pl\/pl_pl\/wp-json\/wp\/v2\/media?parent=1010"}],"wp:term":[{"taxonomy":"product_brand","embeddable":true,"href":"https:\/\/fabryka-staroci.pl\/pl_pl\/wp-json\/wp\/v2\/product_brand?post=1010"},{"taxonomy":"product_cat","embeddable":true,"href":"https:\/\/fabryka-staroci.pl\/pl_pl\/wp-json\/wp\/v2\/product_cat?post=1010"},{"taxonomy":"product_tag","embeddable":true,"href":"https:\/\/fabryka-staroci.pl\/pl_pl\/wp-json\/wp\/v2\/product_tag?post=1010"}],"curies":[{"name":"wp","href":"https:\/\/api.w.org\/{rel}","templated":true}]}}