{"id":1011,"date":"2023-08-08T18:06:43","date_gmt":"2023-08-08T18:06:43","guid":{"rendered":"https:\/\/fabryka-staroci.pl\/?post_type=product&#038;p=1011"},"modified":"2023-08-08T18:06:43","modified_gmt":"2023-08-08T18:06:43","slug":"ramka","status":"publish","type":"product","link":"https:\/\/fabryka-staroci.pl\/pl_pl\/produkt\/ramka\/","title":{"rendered":"Ramka"},"content":{"rendered":"<p>Stara, drewniana ramka. Wymiary zewn\u0119trzne: szeroko\u015b\u0107 23cm, wysoko\u015b\u0107 29cm; wewn\u0119trzne- szeroko\u015b\u0107 16cm, wysoko\u015b\u0107 22cm.<\/p>\n","protected":false},"excerpt":{"rendered":"<p>Stara, drewniana ramka. Wymiary zewn\u0119trzne: szeroko\u015b\u0107 23cm, wysoko\u015b\u0107 29cm; wewn\u0119trzne- szeroko\u015b\u0107 16cm, wysoko\u015b\u0107 22cm.<\/p>\n","protected":false},"featured_media":686,"template":"","meta":[],"product_brand":[],"product_cat":[29,35],"product_tag":[],"class_list":{"0":"post-1011","1":"product","2":"type-product","3":"status-publish","4":"has-post-thumbnail","6":"product_cat-dekoracje","7":"product_cat-drewno","8":"product_shipping_class-male-przedmioty","10":"first","11":"instock","12":"shipping-taxable","13":"purchasable","14":"product-type-simple"},"_links":{"self":[{"href":"https:\/\/fabryka-staroci.pl\/pl_pl\/wp-json\/wp\/v2\/product\/1011","targetHints":{"allow":["GET"]}}],"collection":[{"href":"https:\/\/fabryka-staroci.pl\/pl_pl\/wp-json\/wp\/v2\/product"}],"about":[{"href":"https:\/\/fabryka-staroci.pl\/pl_pl\/wp-json\/wp\/v2\/types\/product"}],"wp:featuredmedia":[{"embeddable":true,"href":"https:\/\/fabryka-staroci.pl\/pl_pl\/wp-json\/wp\/v2\/media\/686"}],"wp:attachment":[{"href":"https:\/\/fabryka-staroci.pl\/pl_pl\/wp-json\/wp\/v2\/media?parent=1011"}],"wp:term":[{"taxonomy":"product_brand","embeddable":true,"href":"https:\/\/fabryka-staroci.pl\/pl_pl\/wp-json\/wp\/v2\/product_brand?post=1011"},{"taxonomy":"product_cat","embeddable":true,"href":"https:\/\/fabryka-staroci.pl\/pl_pl\/wp-json\/wp\/v2\/product_cat?post=1011"},{"taxonomy":"product_tag","embeddable":true,"href":"https:\/\/fabryka-staroci.pl\/pl_pl\/wp-json\/wp\/v2\/product_tag?post=1011"}],"curies":[{"name":"wp","href":"https:\/\/api.w.org\/{rel}","templated":true}]}}