{"id":1093,"date":"2023-08-07T20:02:50","date_gmt":"2023-08-07T20:02:50","guid":{"rendered":"https:\/\/fabryka-staroci.pl\/?post_type=product&#038;p=1093"},"modified":"2023-08-07T20:02:50","modified_gmt":"2023-08-07T20:02:50","slug":"stary-orczyk","status":"publish","type":"product","link":"https:\/\/fabryka-staroci.pl\/pl_pl\/produkt\/stary-orczyk\/","title":{"rendered":"Stary orczyk"},"content":{"rendered":"<p>Stary orczyk do zaprz\u0119gu. Wymiary: d\u0142ugo\u015b\u0107 &#8211; 87cm, \u015brednica &#8211; 7cm; wysoko\u015b\u0107 okucia du\u017cego &#8211; 12cm, wysoko\u015b\u0107 ma\u0142ych oku\u0107 &#8211; 7,5 cm. Mo\u017ce by\u0107 wykorzystany jako element dekoracyjny lub jako cz\u0119\u015b\u0107 \u017cyrandola.<\/p>\n","protected":false},"excerpt":{"rendered":"<p>Stary orczyk do zaprz\u0119gu. Wymiary: d\u0142ugo\u015b\u0107 &#8211; 87cm, \u015brednica &#8211; 7cm; wysoko\u015b\u0107 okucia du\u017cego &#8211; 12cm, wysoko\u015b\u0107 ma\u0142ych oku\u0107 &#8211; 7,5 cm. Mo\u017ce by\u0107 wykorzystany jako element dekoracyjny lub jako cz\u0119\u015b\u0107 \u017cyrandola.<\/p>\n","protected":false},"featured_media":1086,"template":"","meta":[],"product_brand":[],"product_cat":[29,35,36],"product_tag":[],"class_list":{"0":"post-1093","1":"product","2":"type-product","3":"status-publish","4":"has-post-thumbnail","6":"product_cat-dekoracje","7":"product_cat-drewno","8":"product_cat-inne","9":"product_shipping_class-srednie-przedmioty","11":"first","12":"instock","13":"shipping-taxable","14":"purchasable","15":"product-type-simple"},"_links":{"self":[{"href":"https:\/\/fabryka-staroci.pl\/pl_pl\/wp-json\/wp\/v2\/product\/1093","targetHints":{"allow":["GET"]}}],"collection":[{"href":"https:\/\/fabryka-staroci.pl\/pl_pl\/wp-json\/wp\/v2\/product"}],"about":[{"href":"https:\/\/fabryka-staroci.pl\/pl_pl\/wp-json\/wp\/v2\/types\/product"}],"wp:featuredmedia":[{"embeddable":true,"href":"https:\/\/fabryka-staroci.pl\/pl_pl\/wp-json\/wp\/v2\/media\/1086"}],"wp:attachment":[{"href":"https:\/\/fabryka-staroci.pl\/pl_pl\/wp-json\/wp\/v2\/media?parent=1093"}],"wp:term":[{"taxonomy":"product_brand","embeddable":true,"href":"https:\/\/fabryka-staroci.pl\/pl_pl\/wp-json\/wp\/v2\/product_brand?post=1093"},{"taxonomy":"product_cat","embeddable":true,"href":"https:\/\/fabryka-staroci.pl\/pl_pl\/wp-json\/wp\/v2\/product_cat?post=1093"},{"taxonomy":"product_tag","embeddable":true,"href":"https:\/\/fabryka-staroci.pl\/pl_pl\/wp-json\/wp\/v2\/product_tag?post=1093"}],"curies":[{"name":"wp","href":"https:\/\/api.w.org\/{rel}","templated":true}]}}