{"id":1102,"date":"2023-08-03T20:00:07","date_gmt":"2023-08-03T20:00:07","guid":{"rendered":"https:\/\/fabryka-staroci.pl\/?post_type=product&#038;p=1102"},"modified":"2023-09-28T07:34:36","modified_gmt":"2023-09-28T07:34:36","slug":"rower-cargo-cheeseman","status":"publish","type":"product","link":"https:\/\/fabryka-staroci.pl\/pl_pl\/produkt\/rower-cargo-cheeseman\/","title":{"rendered":"Rower Cargo &#8222;Cheeseman&#8221;"},"content":{"rendered":"<p>Pi\u0119kny, ozdobny, miniaturowy rower Cargo do sprzeda\u017cy sera. Doskona\u0142y przedmiot dekoracyjny. Stan bardzo dobry. Szacowany okres 1950- 1974. Kraj pochodzenia &#8211; Holandia. Wymiary 61cm x 24cm x 29cm.<\/p>\n","protected":false},"excerpt":{"rendered":"<p>Pi\u0119kny, ozdobny, miniaturowy rower Cargo do sprzeda\u017cy sera. Doskona\u0142y przedmiot dekoracyjny. Stan bardzo dobry. Szacowany okres 1950- 1974. Kraj pochodzenia &#8211; Holandia. Wymiary 61cm x 24cm x 29cm.<\/p>\n","protected":false},"featured_media":1041,"template":"","meta":[],"product_brand":[],"product_cat":[29,34],"product_tag":[],"class_list":{"0":"post-1102","1":"product","2":"type-product","3":"status-publish","4":"has-post-thumbnail","6":"product_cat-dekoracje","7":"product_cat-stara-reklama","8":"product_shipping_class-srednie-przedmioty","10":"first","11":"instock","12":"shipping-taxable","13":"purchasable","14":"product-type-simple"},"_links":{"self":[{"href":"https:\/\/fabryka-staroci.pl\/pl_pl\/wp-json\/wp\/v2\/product\/1102","targetHints":{"allow":["GET"]}}],"collection":[{"href":"https:\/\/fabryka-staroci.pl\/pl_pl\/wp-json\/wp\/v2\/product"}],"about":[{"href":"https:\/\/fabryka-staroci.pl\/pl_pl\/wp-json\/wp\/v2\/types\/product"}],"wp:featuredmedia":[{"embeddable":true,"href":"https:\/\/fabryka-staroci.pl\/pl_pl\/wp-json\/wp\/v2\/media\/1041"}],"wp:attachment":[{"href":"https:\/\/fabryka-staroci.pl\/pl_pl\/wp-json\/wp\/v2\/media?parent=1102"}],"wp:term":[{"taxonomy":"product_brand","embeddable":true,"href":"https:\/\/fabryka-staroci.pl\/pl_pl\/wp-json\/wp\/v2\/product_brand?post=1102"},{"taxonomy":"product_cat","embeddable":true,"href":"https:\/\/fabryka-staroci.pl\/pl_pl\/wp-json\/wp\/v2\/product_cat?post=1102"},{"taxonomy":"product_tag","embeddable":true,"href":"https:\/\/fabryka-staroci.pl\/pl_pl\/wp-json\/wp\/v2\/product_tag?post=1102"}],"curies":[{"name":"wp","href":"https:\/\/api.w.org\/{rel}","templated":true}]}}