{"id":1250,"date":"2023-09-23T19:24:45","date_gmt":"2023-09-23T19:24:45","guid":{"rendered":"https:\/\/fabryka-staroci.pl\/?post_type=product&#038;p=1250"},"modified":"2023-09-23T19:24:45","modified_gmt":"2023-09-23T19:24:45","slug":"sanki-rogate","status":"publish","type":"product","link":"https:\/\/fabryka-staroci.pl\/pl_pl\/produkt\/sanki-rogate\/","title":{"rendered":"Sanki rogate"},"content":{"rendered":"<p>Stare, drewniane sanki rogate z oryginalnym siedziskiem z lat 60-tych. Stan dobry z widocznymi \u015bladami u\u017cytkowania. Wymiary: d\u0142ugo\u015b\u0107 109cm; wysoko\u015b\u0107 30cm; szeroko\u015b\u0107 29cm. <\/p>\n","protected":false},"excerpt":{"rendered":"<p>Stare, drewniane sanki rogate z oryginalnym siedziskiem z lat 60-tych. Stan dobry z widocznymi \u015bladami u\u017cytkowania. Wymiary: d\u0142ugo\u015b\u0107 109cm; wysoko\u015b\u0107 30cm; szeroko\u015b\u0107 29cm.<\/p>\n","protected":false},"featured_media":1228,"template":"","meta":[],"product_brand":[],"product_cat":[29,35,36],"product_tag":[],"class_list":{"0":"post-1250","1":"product","2":"type-product","3":"status-publish","4":"has-post-thumbnail","6":"product_cat-dekoracje","7":"product_cat-drewno","8":"product_cat-inne","9":"product_shipping_class-duze-przedmioty","11":"first","12":"instock","13":"shipping-taxable","14":"purchasable","15":"product-type-simple"},"_links":{"self":[{"href":"https:\/\/fabryka-staroci.pl\/pl_pl\/wp-json\/wp\/v2\/product\/1250","targetHints":{"allow":["GET"]}}],"collection":[{"href":"https:\/\/fabryka-staroci.pl\/pl_pl\/wp-json\/wp\/v2\/product"}],"about":[{"href":"https:\/\/fabryka-staroci.pl\/pl_pl\/wp-json\/wp\/v2\/types\/product"}],"wp:featuredmedia":[{"embeddable":true,"href":"https:\/\/fabryka-staroci.pl\/pl_pl\/wp-json\/wp\/v2\/media\/1228"}],"wp:attachment":[{"href":"https:\/\/fabryka-staroci.pl\/pl_pl\/wp-json\/wp\/v2\/media?parent=1250"}],"wp:term":[{"taxonomy":"product_brand","embeddable":true,"href":"https:\/\/fabryka-staroci.pl\/pl_pl\/wp-json\/wp\/v2\/product_brand?post=1250"},{"taxonomy":"product_cat","embeddable":true,"href":"https:\/\/fabryka-staroci.pl\/pl_pl\/wp-json\/wp\/v2\/product_cat?post=1250"},{"taxonomy":"product_tag","embeddable":true,"href":"https:\/\/fabryka-staroci.pl\/pl_pl\/wp-json\/wp\/v2\/product_tag?post=1250"}],"curies":[{"name":"wp","href":"https:\/\/api.w.org\/{rel}","templated":true}]}}