{"id":1256,"date":"2023-09-23T20:01:34","date_gmt":"2023-09-23T20:01:34","guid":{"rendered":"https:\/\/fabryka-staroci.pl\/?post_type=product&#038;p=1256"},"modified":"2023-09-23T20:01:34","modified_gmt":"2023-09-23T20:01:34","slug":"neon-rolling-stones","status":"publish","type":"product","link":"https:\/\/fabryka-staroci.pl\/pl_pl\/produkt\/neon-rolling-stones\/","title":{"rendered":"Neon Rolling Stones"},"content":{"rendered":"<p>Pi\u0119kny, szklany neon &#8222;Rolling Stones&#8221;, w kolorach niebiesko-czerwonym. Kraj pochodzenia Holandia, szacowany okres po 2000 roku. Neon jak nowy, nie u\u017cywany. Wymiary: wysoko\u015b\u0107 35,5cm; szeroko\u015b\u0107 43cm; g\u0142\u0119boko\u015b\u0107 5cm.<\/p>\n","protected":false},"excerpt":{"rendered":"<p>Pi\u0119kny, szklany neon &#8222;Rolling Stones&#8221;, w kolorach niebiesko-czerwonym. Kraj pochodzenia Holandia, szacowany okres po 2000 roku. Neon jak nowy, nie u\u017cywany. Wymiary: wysoko\u015b\u0107 35,5cm; szeroko\u015b\u0107 43cm; g\u0142\u0119boko\u015b\u0107 5cm.<\/p>\n","protected":false},"featured_media":1220,"template":"","meta":[],"product_brand":[],"product_cat":[29,27],"product_tag":[],"class_list":{"0":"post-1256","1":"product","2":"type-product","3":"status-publish","4":"has-post-thumbnail","6":"product_cat-dekoracje","7":"product_cat-nowosci","8":"product_shipping_class-srednie-przedmioty","10":"first","11":"instock","12":"shipping-taxable","13":"purchasable","14":"product-type-simple"},"_links":{"self":[{"href":"https:\/\/fabryka-staroci.pl\/pl_pl\/wp-json\/wp\/v2\/product\/1256","targetHints":{"allow":["GET"]}}],"collection":[{"href":"https:\/\/fabryka-staroci.pl\/pl_pl\/wp-json\/wp\/v2\/product"}],"about":[{"href":"https:\/\/fabryka-staroci.pl\/pl_pl\/wp-json\/wp\/v2\/types\/product"}],"wp:featuredmedia":[{"embeddable":true,"href":"https:\/\/fabryka-staroci.pl\/pl_pl\/wp-json\/wp\/v2\/media\/1220"}],"wp:attachment":[{"href":"https:\/\/fabryka-staroci.pl\/pl_pl\/wp-json\/wp\/v2\/media?parent=1256"}],"wp:term":[{"taxonomy":"product_brand","embeddable":true,"href":"https:\/\/fabryka-staroci.pl\/pl_pl\/wp-json\/wp\/v2\/product_brand?post=1256"},{"taxonomy":"product_cat","embeddable":true,"href":"https:\/\/fabryka-staroci.pl\/pl_pl\/wp-json\/wp\/v2\/product_cat?post=1256"},{"taxonomy":"product_tag","embeddable":true,"href":"https:\/\/fabryka-staroci.pl\/pl_pl\/wp-json\/wp\/v2\/product_tag?post=1256"}],"curies":[{"name":"wp","href":"https:\/\/api.w.org\/{rel}","templated":true}]}}