{"id":1651,"date":"2023-10-14T20:00:17","date_gmt":"2023-10-14T20:00:17","guid":{"rendered":"https:\/\/fabryka-staroci.pl\/?post_type=product&#038;p=1651"},"modified":"2023-10-14T20:00:17","modified_gmt":"2023-10-14T20:00:17","slug":"tablica-reklamowa-rothwells","status":"publish","type":"product","link":"https:\/\/fabryka-staroci.pl\/pl_pl\/produkt\/tablica-reklamowa-rothwells\/","title":{"rendered":"Tablica reklamowa Rothwells"},"content":{"rendered":"<p>Pi\u0119kna, du\u017ca reklama mlecznej czekolady Rothwells. R\u0119cznie malowana, stan dobry. Niekt\u00f3re deski s\u0105 wypaczone. Wymiary: wysoko\u015b\u0107 90cm; szeroko\u015b\u0107 61cm; grubo\u015b\u0107 3,5cm.<\/p>\n","protected":false},"excerpt":{"rendered":"<p>Pi\u0119kna, du\u017ca reklama mlecznej czekolady Rothwells. R\u0119cznie malowana, stan dobry. Niekt\u00f3re deski s\u0105 wypaczone. Wymiary: wysoko\u015b\u0107 90cm; szeroko\u015b\u0107 61cm; grubo\u015b\u0107 3,5cm.<\/p>\n","protected":false},"featured_media":1440,"template":"","meta":[],"product_brand":[],"product_cat":[29,34],"product_tag":[],"class_list":{"0":"post-1651","1":"product","2":"type-product","3":"status-publish","4":"has-post-thumbnail","6":"product_cat-dekoracje","7":"product_cat-stara-reklama","8":"product_shipping_class-duze-przedmioty","10":"first","11":"instock","12":"shipping-taxable","13":"purchasable","14":"product-type-simple"},"_links":{"self":[{"href":"https:\/\/fabryka-staroci.pl\/pl_pl\/wp-json\/wp\/v2\/product\/1651","targetHints":{"allow":["GET"]}}],"collection":[{"href":"https:\/\/fabryka-staroci.pl\/pl_pl\/wp-json\/wp\/v2\/product"}],"about":[{"href":"https:\/\/fabryka-staroci.pl\/pl_pl\/wp-json\/wp\/v2\/types\/product"}],"wp:featuredmedia":[{"embeddable":true,"href":"https:\/\/fabryka-staroci.pl\/pl_pl\/wp-json\/wp\/v2\/media\/1440"}],"wp:attachment":[{"href":"https:\/\/fabryka-staroci.pl\/pl_pl\/wp-json\/wp\/v2\/media?parent=1651"}],"wp:term":[{"taxonomy":"product_brand","embeddable":true,"href":"https:\/\/fabryka-staroci.pl\/pl_pl\/wp-json\/wp\/v2\/product_brand?post=1651"},{"taxonomy":"product_cat","embeddable":true,"href":"https:\/\/fabryka-staroci.pl\/pl_pl\/wp-json\/wp\/v2\/product_cat?post=1651"},{"taxonomy":"product_tag","embeddable":true,"href":"https:\/\/fabryka-staroci.pl\/pl_pl\/wp-json\/wp\/v2\/product_tag?post=1651"}],"curies":[{"name":"wp","href":"https:\/\/api.w.org\/{rel}","templated":true}]}}