{"id":1659,"date":"2023-10-16T19:02:10","date_gmt":"2023-10-16T19:02:10","guid":{"rendered":"https:\/\/fabryka-staroci.pl\/?post_type=product&#038;p=1659"},"modified":"2023-10-16T19:02:10","modified_gmt":"2023-10-16T19:02:10","slug":"drewniany-pojemnik","status":"publish","type":"product","link":"https:\/\/fabryka-staroci.pl\/pl_pl\/produkt\/drewniany-pojemnik\/","title":{"rendered":"Drewniany pojemnik"},"content":{"rendered":"<p>Stary, drewniany pojemnik w stylu vintage. Nosi \u015blady u\u017cytkowania. Wymiary: \u015brednica31cm; wysoko\u015b\u0107 14cm.<\/p>\n","protected":false},"excerpt":{"rendered":"<p>Stary, drewniany pojemnik w stylu vintage. Nosi \u015blady u\u017cytkowania. Wymiary: \u015brednica31cm; wysoko\u015b\u0107 14cm.<\/p>\n","protected":false},"featured_media":1482,"template":"","meta":[],"product_brand":[],"product_cat":[29,35],"product_tag":[],"class_list":{"0":"post-1659","1":"product","2":"type-product","3":"status-publish","4":"has-post-thumbnail","6":"product_cat-dekoracje","7":"product_cat-drewno","8":"product_shipping_class-srednie-przedmioty","10":"first","11":"instock","12":"shipping-taxable","13":"purchasable","14":"product-type-simple"},"_links":{"self":[{"href":"https:\/\/fabryka-staroci.pl\/pl_pl\/wp-json\/wp\/v2\/product\/1659","targetHints":{"allow":["GET"]}}],"collection":[{"href":"https:\/\/fabryka-staroci.pl\/pl_pl\/wp-json\/wp\/v2\/product"}],"about":[{"href":"https:\/\/fabryka-staroci.pl\/pl_pl\/wp-json\/wp\/v2\/types\/product"}],"wp:featuredmedia":[{"embeddable":true,"href":"https:\/\/fabryka-staroci.pl\/pl_pl\/wp-json\/wp\/v2\/media\/1482"}],"wp:attachment":[{"href":"https:\/\/fabryka-staroci.pl\/pl_pl\/wp-json\/wp\/v2\/media?parent=1659"}],"wp:term":[{"taxonomy":"product_brand","embeddable":true,"href":"https:\/\/fabryka-staroci.pl\/pl_pl\/wp-json\/wp\/v2\/product_brand?post=1659"},{"taxonomy":"product_cat","embeddable":true,"href":"https:\/\/fabryka-staroci.pl\/pl_pl\/wp-json\/wp\/v2\/product_cat?post=1659"},{"taxonomy":"product_tag","embeddable":true,"href":"https:\/\/fabryka-staroci.pl\/pl_pl\/wp-json\/wp\/v2\/product_tag?post=1659"}],"curies":[{"name":"wp","href":"https:\/\/api.w.org\/{rel}","templated":true}]}}