{"id":1660,"date":"2023-10-16T19:06:43","date_gmt":"2023-10-16T19:06:43","guid":{"rendered":"https:\/\/fabryka-staroci.pl\/?post_type=product&#038;p=1660"},"modified":"2023-10-16T19:06:43","modified_gmt":"2023-10-16T19:06:43","slug":"drewniany-pojemnik-ii","status":"publish","type":"product","link":"https:\/\/fabryka-staroci.pl\/pl_pl\/produkt\/drewniany-pojemnik-ii\/","title":{"rendered":"Drewniany pojemnik II"},"content":{"rendered":"<p>Stary, drewniany pojemnik w stylu vintage. Nosi \u015blady u\u017cytkowania. Wymiary: \u015brednica38cm; wysoko\u015b\u0107 16,5cm.<\/p>\n","protected":false},"excerpt":{"rendered":"<p>Stary, drewniany pojemnik w stylu vintage. Nosi \u015blady u\u017cytkowania. Wymiary: \u015brednica38cm; wysoko\u015b\u0107 16,5cm.<\/p>\n","protected":false},"featured_media":1487,"template":"","meta":[],"product_brand":[],"product_cat":[29,35],"product_tag":[],"class_list":{"0":"post-1660","1":"product","2":"type-product","3":"status-publish","4":"has-post-thumbnail","6":"product_cat-dekoracje","7":"product_cat-drewno","8":"product_shipping_class-srednie-przedmioty","10":"first","11":"instock","12":"shipping-taxable","13":"purchasable","14":"product-type-simple"},"_links":{"self":[{"href":"https:\/\/fabryka-staroci.pl\/pl_pl\/wp-json\/wp\/v2\/product\/1660","targetHints":{"allow":["GET"]}}],"collection":[{"href":"https:\/\/fabryka-staroci.pl\/pl_pl\/wp-json\/wp\/v2\/product"}],"about":[{"href":"https:\/\/fabryka-staroci.pl\/pl_pl\/wp-json\/wp\/v2\/types\/product"}],"wp:featuredmedia":[{"embeddable":true,"href":"https:\/\/fabryka-staroci.pl\/pl_pl\/wp-json\/wp\/v2\/media\/1487"}],"wp:attachment":[{"href":"https:\/\/fabryka-staroci.pl\/pl_pl\/wp-json\/wp\/v2\/media?parent=1660"}],"wp:term":[{"taxonomy":"product_brand","embeddable":true,"href":"https:\/\/fabryka-staroci.pl\/pl_pl\/wp-json\/wp\/v2\/product_brand?post=1660"},{"taxonomy":"product_cat","embeddable":true,"href":"https:\/\/fabryka-staroci.pl\/pl_pl\/wp-json\/wp\/v2\/product_cat?post=1660"},{"taxonomy":"product_tag","embeddable":true,"href":"https:\/\/fabryka-staroci.pl\/pl_pl\/wp-json\/wp\/v2\/product_tag?post=1660"}],"curies":[{"name":"wp","href":"https:\/\/api.w.org\/{rel}","templated":true}]}}