{"id":1667,"date":"2023-10-18T18:42:41","date_gmt":"2023-10-18T18:42:41","guid":{"rendered":"https:\/\/fabryka-staroci.pl\/?post_type=product&#038;p=1667"},"modified":"2023-10-18T18:43:29","modified_gmt":"2023-10-18T18:43:29","slug":"lustro","status":"publish","type":"product","link":"https:\/\/fabryka-staroci.pl\/pl_pl\/produkt\/lustro\/","title":{"rendered":"Lustro"},"content":{"rendered":"<p>Stare lustro w d\u0119bowej ramie. Stan ramy bardzo dobry. Nosi \u015blady u\u017cytkowania. Wymiary: wysoko\u015b\u0107 92cm; szeroko\u015b\u0107 60cm; grubo\u015b\u0107 2cm.<\/p>\n","protected":false},"excerpt":{"rendered":"<p>Stare lustro w d\u0119bowej ramie. Stan ramy bardzo dobry. Nosi \u015blady u\u017cytkowania. Wymiary: wysoko\u015b\u0107 92cm; szeroko\u015b\u0107 60cm; grubo\u015b\u0107 2cm.<\/p>\n","protected":false},"featured_media":1523,"template":"","meta":[],"product_brand":[],"product_cat":[36],"product_tag":[],"class_list":{"0":"post-1667","1":"product","2":"type-product","3":"status-publish","4":"has-post-thumbnail","6":"product_cat-inne","7":"product_shipping_class-duze-przedmioty","9":"first","10":"instock","11":"shipping-taxable","12":"purchasable","13":"product-type-simple"},"_links":{"self":[{"href":"https:\/\/fabryka-staroci.pl\/pl_pl\/wp-json\/wp\/v2\/product\/1667","targetHints":{"allow":["GET"]}}],"collection":[{"href":"https:\/\/fabryka-staroci.pl\/pl_pl\/wp-json\/wp\/v2\/product"}],"about":[{"href":"https:\/\/fabryka-staroci.pl\/pl_pl\/wp-json\/wp\/v2\/types\/product"}],"wp:featuredmedia":[{"embeddable":true,"href":"https:\/\/fabryka-staroci.pl\/pl_pl\/wp-json\/wp\/v2\/media\/1523"}],"wp:attachment":[{"href":"https:\/\/fabryka-staroci.pl\/pl_pl\/wp-json\/wp\/v2\/media?parent=1667"}],"wp:term":[{"taxonomy":"product_brand","embeddable":true,"href":"https:\/\/fabryka-staroci.pl\/pl_pl\/wp-json\/wp\/v2\/product_brand?post=1667"},{"taxonomy":"product_cat","embeddable":true,"href":"https:\/\/fabryka-staroci.pl\/pl_pl\/wp-json\/wp\/v2\/product_cat?post=1667"},{"taxonomy":"product_tag","embeddable":true,"href":"https:\/\/fabryka-staroci.pl\/pl_pl\/wp-json\/wp\/v2\/product_tag?post=1667"}],"curies":[{"name":"wp","href":"https:\/\/api.w.org\/{rel}","templated":true}]}}