{"id":1680,"date":"2023-10-22T18:20:08","date_gmt":"2023-10-22T18:20:08","guid":{"rendered":"https:\/\/fabryka-staroci.pl\/?post_type=product&#038;p=1680"},"modified":"2023-10-22T18:20:08","modified_gmt":"2023-10-22T18:20:08","slug":"kosz-wiklinowy","status":"publish","type":"product","link":"https:\/\/fabryka-staroci.pl\/pl_pl\/produkt\/kosz-wiklinowy\/","title":{"rendered":"Kosz wiklinowy"},"content":{"rendered":"<div class=\"item item-6\">\n<section class=\"text-item\">Stara, ludowa plecionka, kosz przeznaczony by\u0142 cz\u0119sto na opa\u0142. Nosi \u015blady u\u017cytkowania. Doskona\u0142a ozdoba do wn\u0119trza. Wymiary: d\u0142ugo\u015b\u010770,5 cm; szeroko\u015b\u0107 37 cm; wysoko\u015b\u0107 25,5 cm.<\/p>\n<\/section>\n<\/div>\n<div class=\"item item-6\"><\/div>\n","protected":false},"excerpt":{"rendered":"<p>Stara, ludowa plecionka, kosz przeznaczony by\u0142 cz\u0119sto na opa\u0142. Nosi \u015blady u\u017cytkowania. Doskona\u0142a ozdoba do wn\u0119trza. Wymiary: d\u0142ugo\u015b\u010770,5 cm; szeroko\u015b\u0107 37 cm; wysoko\u015b\u0107 25,5 cm.<\/p>\n","protected":false},"featured_media":1581,"template":"","meta":[],"product_brand":[],"product_cat":[29,35],"product_tag":[],"class_list":{"0":"post-1680","1":"product","2":"type-product","3":"status-publish","4":"has-post-thumbnail","6":"product_cat-dekoracje","7":"product_cat-drewno","8":"product_shipping_class-duze-przedmioty","10":"first","11":"instock","12":"shipping-taxable","13":"purchasable","14":"product-type-simple"},"_links":{"self":[{"href":"https:\/\/fabryka-staroci.pl\/pl_pl\/wp-json\/wp\/v2\/product\/1680","targetHints":{"allow":["GET"]}}],"collection":[{"href":"https:\/\/fabryka-staroci.pl\/pl_pl\/wp-json\/wp\/v2\/product"}],"about":[{"href":"https:\/\/fabryka-staroci.pl\/pl_pl\/wp-json\/wp\/v2\/types\/product"}],"wp:featuredmedia":[{"embeddable":true,"href":"https:\/\/fabryka-staroci.pl\/pl_pl\/wp-json\/wp\/v2\/media\/1581"}],"wp:attachment":[{"href":"https:\/\/fabryka-staroci.pl\/pl_pl\/wp-json\/wp\/v2\/media?parent=1680"}],"wp:term":[{"taxonomy":"product_brand","embeddable":true,"href":"https:\/\/fabryka-staroci.pl\/pl_pl\/wp-json\/wp\/v2\/product_brand?post=1680"},{"taxonomy":"product_cat","embeddable":true,"href":"https:\/\/fabryka-staroci.pl\/pl_pl\/wp-json\/wp\/v2\/product_cat?post=1680"},{"taxonomy":"product_tag","embeddable":true,"href":"https:\/\/fabryka-staroci.pl\/pl_pl\/wp-json\/wp\/v2\/product_tag?post=1680"}],"curies":[{"name":"wp","href":"https:\/\/api.w.org\/{rel}","templated":true}]}}