{"id":1681,"date":"2023-10-22T18:31:07","date_gmt":"2023-10-22T18:31:07","guid":{"rendered":"https:\/\/fabryka-staroci.pl\/?post_type=product&#038;p=1681"},"modified":"2023-10-22T18:31:07","modified_gmt":"2023-10-22T18:31:07","slug":"lopatka-drewniana","status":"publish","type":"product","link":"https:\/\/fabryka-staroci.pl\/pl_pl\/produkt\/lopatka-drewniana\/","title":{"rendered":"\u0141opatka drewniana"},"content":{"rendered":"<p>Stara, drewniana \u0142opatka do m\u0105ki. Nosi \u015blady u\u017cytkowania. Wymiary: d\u0142ugo\u015b\u0107 35 cm; szeroko\u015b\u0107 16 cm; g\u0142\u0119boko\u015b\u0107 8,5 cm.<\/p>\n","protected":false},"excerpt":{"rendered":"<p>Stara, drewniana \u0142opatka do m\u0105ki. Nosi \u015blady u\u017cytkowania. Wymiary: d\u0142ugo\u015b\u0107 35 cm; szeroko\u015b\u0107 16 cm; g\u0142\u0119boko\u015b\u0107 8,5 cm.<\/p>\n","protected":false},"featured_media":1585,"template":"","meta":[],"product_brand":[],"product_cat":[35],"product_tag":[],"class_list":{"0":"post-1681","1":"product","2":"type-product","3":"status-publish","4":"has-post-thumbnail","6":"product_cat-drewno","7":"product_shipping_class-male-przedmioty","9":"first","10":"instock","11":"shipping-taxable","12":"purchasable","13":"product-type-simple"},"_links":{"self":[{"href":"https:\/\/fabryka-staroci.pl\/pl_pl\/wp-json\/wp\/v2\/product\/1681","targetHints":{"allow":["GET"]}}],"collection":[{"href":"https:\/\/fabryka-staroci.pl\/pl_pl\/wp-json\/wp\/v2\/product"}],"about":[{"href":"https:\/\/fabryka-staroci.pl\/pl_pl\/wp-json\/wp\/v2\/types\/product"}],"wp:featuredmedia":[{"embeddable":true,"href":"https:\/\/fabryka-staroci.pl\/pl_pl\/wp-json\/wp\/v2\/media\/1585"}],"wp:attachment":[{"href":"https:\/\/fabryka-staroci.pl\/pl_pl\/wp-json\/wp\/v2\/media?parent=1681"}],"wp:term":[{"taxonomy":"product_brand","embeddable":true,"href":"https:\/\/fabryka-staroci.pl\/pl_pl\/wp-json\/wp\/v2\/product_brand?post=1681"},{"taxonomy":"product_cat","embeddable":true,"href":"https:\/\/fabryka-staroci.pl\/pl_pl\/wp-json\/wp\/v2\/product_cat?post=1681"},{"taxonomy":"product_tag","embeddable":true,"href":"https:\/\/fabryka-staroci.pl\/pl_pl\/wp-json\/wp\/v2\/product_tag?post=1681"}],"curies":[{"name":"wp","href":"https:\/\/api.w.org\/{rel}","templated":true}]}}