{"id":929,"date":"2023-07-13T08:58:56","date_gmt":"2023-07-13T08:58:56","guid":{"rendered":"https:\/\/fabryka-staroci.pl\/?post_type=product&#038;p=929"},"modified":"2023-09-20T18:41:42","modified_gmt":"2023-09-20T18:41:42","slug":"ksiazeczka-wojskowa","status":"publish","type":"product","link":"https:\/\/fabryka-staroci.pl\/pl_pl\/produkt\/ksiazeczka-wojskowa\/","title":{"rendered":"Ksi\u0105\u017ceczka wojskowa"},"content":{"rendered":"<p>Ksi\u0105\u017ceczka \u017co\u0142nierza SS nale\u017c\u0105cego do dywizji pancernej, z 1943r.<\/p>\n","protected":false},"excerpt":{"rendered":"<p>Ksi\u0105\u017ceczka \u017co\u0142nierza SS nale\u017c\u0105cego do dywizji pancernej, z 1943r.<\/p>\n","protected":false},"featured_media":913,"template":"","meta":[],"product_brand":[],"product_cat":[36],"product_tag":[],"class_list":{"0":"post-929","1":"product","2":"type-product","3":"status-publish","4":"has-post-thumbnail","6":"product_cat-inne","7":"product_shipping_class-male-przedmioty","9":"first","10":"instock","11":"shipping-taxable","12":"purchasable","13":"product-type-simple"},"_links":{"self":[{"href":"https:\/\/fabryka-staroci.pl\/pl_pl\/wp-json\/wp\/v2\/product\/929","targetHints":{"allow":["GET"]}}],"collection":[{"href":"https:\/\/fabryka-staroci.pl\/pl_pl\/wp-json\/wp\/v2\/product"}],"about":[{"href":"https:\/\/fabryka-staroci.pl\/pl_pl\/wp-json\/wp\/v2\/types\/product"}],"wp:featuredmedia":[{"embeddable":true,"href":"https:\/\/fabryka-staroci.pl\/pl_pl\/wp-json\/wp\/v2\/media\/913"}],"wp:attachment":[{"href":"https:\/\/fabryka-staroci.pl\/pl_pl\/wp-json\/wp\/v2\/media?parent=929"}],"wp:term":[{"taxonomy":"product_brand","embeddable":true,"href":"https:\/\/fabryka-staroci.pl\/pl_pl\/wp-json\/wp\/v2\/product_brand?post=929"},{"taxonomy":"product_cat","embeddable":true,"href":"https:\/\/fabryka-staroci.pl\/pl_pl\/wp-json\/wp\/v2\/product_cat?post=929"},{"taxonomy":"product_tag","embeddable":true,"href":"https:\/\/fabryka-staroci.pl\/pl_pl\/wp-json\/wp\/v2\/product_tag?post=929"}],"curies":[{"name":"wp","href":"https:\/\/api.w.org\/{rel}","templated":true}]}}