{"id":970,"date":"2023-08-08T19:16:59","date_gmt":"2023-08-08T19:16:59","guid":{"rendered":"https:\/\/fabryka-staroci.pl\/?post_type=product&#038;p=970"},"modified":"2023-08-08T19:16:59","modified_gmt":"2023-08-08T19:16:59","slug":"waga","status":"publish","type":"product","link":"https:\/\/fabryka-staroci.pl\/pl_pl\/produkt\/waga\/","title":{"rendered":"Waga"},"content":{"rendered":"<p>Angielska, przedwojenna waga szalkowa o nietypowym kszta\u0142cie. Wymiary: szeroko\u015b\u0107 31cm, wysoko\u015b\u0107 15cm, g\u0142\u0119boko\u015b\u0107 10cm<\/p>\n","protected":false},"excerpt":{"rendered":"<p>Angielska, przedwojenna waga szalkowa o nietypowym kszta\u0142cie. Wymiary: szeroko\u015b\u0107 31cm, wysoko\u015b\u0107 15cm, g\u0142\u0119boko\u015b\u0107 10cm<\/p>\n","protected":false},"featured_media":801,"template":"","meta":[],"product_brand":[],"product_cat":[29,36,27],"product_tag":[],"class_list":{"0":"post-970","1":"product","2":"type-product","3":"status-publish","4":"has-post-thumbnail","6":"product_cat-dekoracje","7":"product_cat-inne","8":"product_cat-nowosci","9":"product_shipping_class-srednie-przedmioty","11":"first","12":"instock","13":"shipping-taxable","14":"purchasable","15":"product-type-simple"},"_links":{"self":[{"href":"https:\/\/fabryka-staroci.pl\/pl_pl\/wp-json\/wp\/v2\/product\/970","targetHints":{"allow":["GET"]}}],"collection":[{"href":"https:\/\/fabryka-staroci.pl\/pl_pl\/wp-json\/wp\/v2\/product"}],"about":[{"href":"https:\/\/fabryka-staroci.pl\/pl_pl\/wp-json\/wp\/v2\/types\/product"}],"wp:featuredmedia":[{"embeddable":true,"href":"https:\/\/fabryka-staroci.pl\/pl_pl\/wp-json\/wp\/v2\/media\/801"}],"wp:attachment":[{"href":"https:\/\/fabryka-staroci.pl\/pl_pl\/wp-json\/wp\/v2\/media?parent=970"}],"wp:term":[{"taxonomy":"product_brand","embeddable":true,"href":"https:\/\/fabryka-staroci.pl\/pl_pl\/wp-json\/wp\/v2\/product_brand?post=970"},{"taxonomy":"product_cat","embeddable":true,"href":"https:\/\/fabryka-staroci.pl\/pl_pl\/wp-json\/wp\/v2\/product_cat?post=970"},{"taxonomy":"product_tag","embeddable":true,"href":"https:\/\/fabryka-staroci.pl\/pl_pl\/wp-json\/wp\/v2\/product_tag?post=970"}],"curies":[{"name":"wp","href":"https:\/\/api.w.org\/{rel}","templated":true}]}}