{"id":974,"date":"2023-08-07T18:40:00","date_gmt":"2023-08-07T18:40:00","guid":{"rendered":"https:\/\/fabryka-staroci.pl\/?post_type=product&#038;p=974"},"modified":"2023-08-07T18:40:00","modified_gmt":"2023-08-07T18:40:00","slug":"francuski-obrazek-country-corner","status":"publish","type":"product","link":"https:\/\/fabryka-staroci.pl\/pl_pl\/produkt\/francuski-obrazek-country-corner\/","title":{"rendered":"Francuski Obrazek &#8211; Country Corner"},"content":{"rendered":"<p>Ozdobny obraz na \u015bcian\u0119 z uwypuklonymi elementami. Przedstawia sklep warzywno-owocowy i sprzedawc\u0119. Kraj pochodzenia Francja, lata 90. Stan bardzo dobry. Wymiary: szeroko\u015b\u0107 55cm, wysoko\u015b\u0107 33cm, grubo\u015b\u0107 1,5cm.<\/p>\n","protected":false},"excerpt":{"rendered":"<p>Ozdobny obraz na \u015bcian\u0119 z uwypuklonymi elementami. Przedstawia sklep warzywno-owocowy i sprzedawc\u0119. Kraj pochodzenia Francja, lata 90. Stan bardzo dobry. Wymiary: szeroko\u015b\u0107 55cm, wysoko\u015b\u0107 33cm, grubo\u015b\u0107 1,5cm.<\/p>\n","protected":false},"featured_media":784,"template":"","meta":[],"product_brand":[],"product_cat":[29,35,36],"product_tag":[],"class_list":{"0":"post-974","1":"product","2":"type-product","3":"status-publish","4":"has-post-thumbnail","6":"product_cat-dekoracje","7":"product_cat-drewno","8":"product_cat-inne","9":"product_shipping_class-srednie-przedmioty","11":"first","12":"instock","13":"shipping-taxable","14":"purchasable","15":"product-type-simple"},"_links":{"self":[{"href":"https:\/\/fabryka-staroci.pl\/pl_pl\/wp-json\/wp\/v2\/product\/974","targetHints":{"allow":["GET"]}}],"collection":[{"href":"https:\/\/fabryka-staroci.pl\/pl_pl\/wp-json\/wp\/v2\/product"}],"about":[{"href":"https:\/\/fabryka-staroci.pl\/pl_pl\/wp-json\/wp\/v2\/types\/product"}],"wp:featuredmedia":[{"embeddable":true,"href":"https:\/\/fabryka-staroci.pl\/pl_pl\/wp-json\/wp\/v2\/media\/784"}],"wp:attachment":[{"href":"https:\/\/fabryka-staroci.pl\/pl_pl\/wp-json\/wp\/v2\/media?parent=974"}],"wp:term":[{"taxonomy":"product_brand","embeddable":true,"href":"https:\/\/fabryka-staroci.pl\/pl_pl\/wp-json\/wp\/v2\/product_brand?post=974"},{"taxonomy":"product_cat","embeddable":true,"href":"https:\/\/fabryka-staroci.pl\/pl_pl\/wp-json\/wp\/v2\/product_cat?post=974"},{"taxonomy":"product_tag","embeddable":true,"href":"https:\/\/fabryka-staroci.pl\/pl_pl\/wp-json\/wp\/v2\/product_tag?post=974"}],"curies":[{"name":"wp","href":"https:\/\/api.w.org\/{rel}","templated":true}]}}