{"id":982,"date":"2023-08-03T19:35:39","date_gmt":"2023-08-03T19:35:39","guid":{"rendered":"https:\/\/fabryka-staroci.pl\/?post_type=product&#038;p=982"},"modified":"2023-08-03T19:35:39","modified_gmt":"2023-08-03T19:35:39","slug":"skrzynka-seven-up","status":"publish","type":"product","link":"https:\/\/fabryka-staroci.pl\/pl_pl\/produkt\/skrzynka-seven-up\/","title":{"rendered":"Skrzynka Seven -Up"},"content":{"rendered":"<p>Pi\u0119kna, drewniana skrzynka na butelki napoju Seven Up. Rok pochodzenia 1966, kraj Belgia (Antferpia).\u00a0 Stan \u015bredni, nosi \u015blady u\u017cytkowania. Wymiary:13cm x 30cm x 43cm<\/p>\n","protected":false},"excerpt":{"rendered":"<p>Pi\u0119kna, drewniana skrzynka na butelki napoju Seven Up. Rok pochodzenia 1966, kraj Belgia (Antferpia).\u00a0 Stan \u015bredni, nosi \u015blady u\u017cytkowania. Wymiary:13cm x 30cm x 43cm<\/p>\n","protected":false},"featured_media":746,"template":"","meta":[],"product_brand":[],"product_cat":[29,35,36,34],"product_tag":[],"class_list":{"0":"post-982","1":"product","2":"type-product","3":"status-publish","4":"has-post-thumbnail","6":"product_cat-dekoracje","7":"product_cat-drewno","8":"product_cat-inne","9":"product_cat-stara-reklama","10":"product_shipping_class-srednie-przedmioty","12":"first","13":"instock","14":"shipping-taxable","15":"purchasable","16":"product-type-simple"},"_links":{"self":[{"href":"https:\/\/fabryka-staroci.pl\/pl_pl\/wp-json\/wp\/v2\/product\/982","targetHints":{"allow":["GET"]}}],"collection":[{"href":"https:\/\/fabryka-staroci.pl\/pl_pl\/wp-json\/wp\/v2\/product"}],"about":[{"href":"https:\/\/fabryka-staroci.pl\/pl_pl\/wp-json\/wp\/v2\/types\/product"}],"wp:featuredmedia":[{"embeddable":true,"href":"https:\/\/fabryka-staroci.pl\/pl_pl\/wp-json\/wp\/v2\/media\/746"}],"wp:attachment":[{"href":"https:\/\/fabryka-staroci.pl\/pl_pl\/wp-json\/wp\/v2\/media?parent=982"}],"wp:term":[{"taxonomy":"product_brand","embeddable":true,"href":"https:\/\/fabryka-staroci.pl\/pl_pl\/wp-json\/wp\/v2\/product_brand?post=982"},{"taxonomy":"product_cat","embeddable":true,"href":"https:\/\/fabryka-staroci.pl\/pl_pl\/wp-json\/wp\/v2\/product_cat?post=982"},{"taxonomy":"product_tag","embeddable":true,"href":"https:\/\/fabryka-staroci.pl\/pl_pl\/wp-json\/wp\/v2\/product_tag?post=982"}],"curies":[{"name":"wp","href":"https:\/\/api.w.org\/{rel}","templated":true}]}}