{"id":987,"date":"2023-08-07T19:53:56","date_gmt":"2023-08-07T19:53:56","guid":{"rendered":"https:\/\/fabryka-staroci.pl\/?post_type=product&#038;p=987"},"modified":"2024-01-30T19:06:40","modified_gmt":"2024-01-30T19:06:40","slug":"tablica-reklamowa-red-baron-flying-club","status":"publish","type":"product","link":"https:\/\/fabryka-staroci.pl\/pl_pl\/produkt\/tablica-reklamowa-red-baron-flying-club\/","title":{"rendered":"Tablica reklamowa &#8211;  RED BARON FLYING CLUB"},"content":{"rendered":"<p>Drewniany, r\u0119cznie malowany, angielski szyld aeroklubu &#8222;RED BARON FLYING CLUB&#8221;. Vintage ozdoba \u015bcienna\u00a0lub przedmiot kolekcjonerski. Wymiary: szeroko\u015b\u0107 91cm, wysoko\u015b\u0107 61cm, grubo\u015b\u0107 3cm. Stan dobry, widoczne \u015blady u\u017cytkowania.<\/p>\n","protected":false},"excerpt":{"rendered":"<p>Drewniany, r\u0119cznie malowany, angielski szyld aeroklubu &#8222;RED BARON FLYING CLUB&#8221;. Vintage ozdoba \u015bcienna\u00a0lub przedmiot kolekcjonerski. Wymiary: szeroko\u015b\u0107 91cm, wysoko\u015b\u0107 61cm, grubo\u015b\u0107 3cm. Stan dobry, widoczne \u015blady u\u017cytkowania.<\/p>\n","protected":false},"featured_media":732,"template":"","meta":[],"product_brand":[],"product_cat":[29,35,36,34],"product_tag":[],"class_list":{"0":"post-987","1":"product","2":"type-product","3":"status-publish","4":"has-post-thumbnail","6":"product_cat-dekoracje","7":"product_cat-drewno","8":"product_cat-inne","9":"product_cat-stara-reklama","10":"product_shipping_class-duze-przedmioty","12":"first","13":"instock","14":"shipping-taxable","15":"purchasable","16":"product-type-simple"},"_links":{"self":[{"href":"https:\/\/fabryka-staroci.pl\/pl_pl\/wp-json\/wp\/v2\/product\/987","targetHints":{"allow":["GET"]}}],"collection":[{"href":"https:\/\/fabryka-staroci.pl\/pl_pl\/wp-json\/wp\/v2\/product"}],"about":[{"href":"https:\/\/fabryka-staroci.pl\/pl_pl\/wp-json\/wp\/v2\/types\/product"}],"wp:featuredmedia":[{"embeddable":true,"href":"https:\/\/fabryka-staroci.pl\/pl_pl\/wp-json\/wp\/v2\/media\/732"}],"wp:attachment":[{"href":"https:\/\/fabryka-staroci.pl\/pl_pl\/wp-json\/wp\/v2\/media?parent=987"}],"wp:term":[{"taxonomy":"product_brand","embeddable":true,"href":"https:\/\/fabryka-staroci.pl\/pl_pl\/wp-json\/wp\/v2\/product_brand?post=987"},{"taxonomy":"product_cat","embeddable":true,"href":"https:\/\/fabryka-staroci.pl\/pl_pl\/wp-json\/wp\/v2\/product_cat?post=987"},{"taxonomy":"product_tag","embeddable":true,"href":"https:\/\/fabryka-staroci.pl\/pl_pl\/wp-json\/wp\/v2\/product_tag?post=987"}],"curies":[{"name":"wp","href":"https:\/\/api.w.org\/{rel}","templated":true}]}}